{"id":14,"date":"2010-01-03T18:00:48","date_gmt":"2010-01-03T16:00:48","guid":{"rendered":"http:\/\/www.anginf.de\/?page_id=14"},"modified":"2025-03-07T21:41:31","modified_gmt":"2025-03-07T20:41:31","slug":"about","status":"publish","type":"page","link":"https:\/\/www.anginf.de\/?page_id=14","title":{"rendered":"About"},"content":{"rendered":"<p>Diese Seite dient als &#8222;Sammelbecken&#8220; f\u00fcr all die kleinen Projekte, die ich in meinem Leben &#8222;nebenher&#8220; bearbeitet habe. Dabei beschr\u00e4nkt sich der Inhalt nicht zwangsl\u00e4ufig nur auf echte &#8222;Informatik&#8220;-Bereiche, sondern reicht auch in die angrenzenden Gebiete, wie Mathematik, Elektronik oder Elektrotechnik hinein.<\/p>\n","protected":false},"excerpt":{"rendered":"<p>Diese Seite dient als &#8222;Sammelbecken&#8220; f\u00fcr all die kleinen Projekte, die ich in meinem Leben &#8222;nebenher&#8220; bearbeitet habe. Dabei beschr\u00e4nkt sich der Inhalt nicht zwangsl\u00e4ufig nur auf echte &#8222;Informatik&#8220;-Bereiche, sondern reicht auch in die angrenzenden Gebiete, wie Mathematik, Elektronik oder Elektrotechnik hinein.<\/p>\n","protected":false},"author":1,"featured_media":0,"parent":0,"menu_order":0,"comment_status":"closed","ping_status":"open","template":"","meta":{"footnotes":""},"class_list":["post-14","page","type-page","status-publish","hentry"],"_links":{"self":[{"href":"https:\/\/www.anginf.de\/index.php?rest_route=\/wp\/v2\/pages\/14","targetHints":{"allow":["GET"]}}],"collection":[{"href":"https:\/\/www.anginf.de\/index.php?rest_route=\/wp\/v2\/pages"}],"about":[{"href":"https:\/\/www.anginf.de\/index.php?rest_route=\/wp\/v2\/types\/page"}],"author":[{"embeddable":true,"href":"https:\/\/www.anginf.de\/index.php?rest_route=\/wp\/v2\/users\/1"}],"replies":[{"embeddable":true,"href":"https:\/\/www.anginf.de\/index.php?rest_route=%2Fwp%2Fv2%2Fcomments&post=14"}],"version-history":[{"count":1,"href":"https:\/\/www.anginf.de\/index.php?rest_route=\/wp\/v2\/pages\/14\/revisions"}],"predecessor-version":[{"id":15,"href":"https:\/\/www.anginf.de\/index.php?rest_route=\/wp\/v2\/pages\/14\/revisions\/15"}],"wp:attachment":[{"href":"https:\/\/www.anginf.de\/index.php?rest_route=%2Fwp%2Fv2%2Fmedia&parent=14"}],"curies":[{"name":"wp","href":"https:\/\/api.w.org\/{rel}","templated":true}]}}